{"id":1619,"date":"2024-12-05T15:50:48","date_gmt":"2024-12-05T15:50:48","guid":{"rendered":"https:\/\/interna.pub\/?page_id=1619"},"modified":"2026-01-16T13:59:14","modified_gmt":"2026-01-16T13:59:14","slug":"tagged-headline","status":"publish","type":"page","link":"https:\/\/interna.pub\/index.php\/tagged-headline\/","title":{"rendered":"Tagged Display"},"content":{"rendered":"    <div class=\"wp-block-bplugins-custom-html\" id='bPluginsCustomHtml-1'>\r\n    <!DOCTYPE html>\n\n<html>\n  <!-- jag gillar att h\u00e5lla p\u00e5 -->\n<head>\n<\/head>\n<body>\n    <style class=\"wpcode-css-snippet\">\/* Anpassa storlek och placering av kolumnerna *\/\r\n.container {\r\n  display: flex;\r\n  flex-wrap: wrap;\r\n\r\n}\r\n\r\n.left-column {\r\n  flex: 1 0 0; \/* \u00c4ndrat fr\u00e5n 0 0 60% *\/\r\n  padding: 10px;\r\n  box-sizing: border-box;\r\n  position: sticky;\r\n  top: 0;\r\n  height: 100vh;\r\n  overflow: auto;\r\n}\r\n\r\n.right-column {\r\n  flex: 1 0 0; \/* \u00c4ndrat fr\u00e5n 0 0 40% *\/\r\n  max-width: 600px;\r\n  padding: 10px;\r\n  box-sizing: border-box;\r\n}\r\n\r\n\/* Responsiv layout f\u00f6r mobil *\/\r\n@media (max-width: 767px) {\r\n  .container {\r\n    flex-direction: column;\r\n  }\r\n\r\n  .left-column {\r\n    position: static;\r\n    width: 100%;\r\n    height: auto;\r\n    overflow: visible;\r\n  }\r\n\r\n  .right-column {\r\n    width: 100%;\r\n    max-width: none;\r\n  }\r\n}\r\n\r\n.download-button {\r\n  display: flex;\r\n  position: fixed;\r\n  bottom: 20px;\r\n  right: 20px;\r\n  z-index: 9999;\r\n  padding: 10px;\r\n  border-radius: 10px;\r\n  background-color: #E5E3DB;\r\n  color: #575240;\r\n  text-decoration: none;\r\n  padding-right: 20px;\r\n  padding-left: 20px;\r\n  font-size:12px;\r\n  text-align: center;  \r\n}\r\n\r\n@media (max-width: 600px) {\r\n  .download-button {\r\n\r\n    text-align: Left;\r\n\tbottom: 22px;\r\n  }\r\n}\r\n\r\np{\r\nfont-size: 13px;\r\n}\r\nh3{\r\nfont-size: 13px;\r\ncolor: blue;\r\n}\r\n\r\n\/* Hide scrollbar track *\/\r\n::-webkit-scrollbar {\r\n  width: 8px; \/* Adjust the width as needed *\/\r\n}\r\n\r\n\/* Hide scrollbar handle *\/\r\n::-webkit-scrollbar-thumb {\r\n  background-color: transparent;\r\n}\r\n\r\n\/* Hide scrollbar corner *\/\r\n::-webkit-scrollbar-corner {\r\n  background-color: transparent;\r\n}\r\n\r\n#scrollbar-container {\r\n    width: 100%;\r\n    height: 5px;\r\n    background-color: #f2f2f2;\r\n    position: fixed;\r\n    top: 0;\r\n    left: 0;\r\n    z-index: 999;\r\n}\r\n\r\n#scrollbar {\r\n    height: 100%;\r\n    width: 0;\r\n    background-color: #007BFF;\r\n    transition: width 0.2s;\r\n}\r\n\r\nh3{\r\n\tfont-size: 13px;\r\n\tcolor: blue;\r\n\r\n}\r\n\r\nwp-site-blocks{\r\n\twidth:100vh;\r\n}\r\n<\/style>\n    <!-- Uppdatera l\u00e4nk till container -->\n    <a href=\"https:\/\/interna.pub\/wp-content\/uploads\/2024\/07\/IP_Tagged_Container.zip\" class=\"download-button\">Download container<\/a>\n    <!-- Uppdatera l\u00e4nk till container -->\n  <!-- Customhead -->\n<div>\n<style class=\"wpcode-css-snippet\">#custom-footer {\r\n    \/* Ingen bakgrundsf\u00e4rg *\/\r\n    background-color: transparent; \r\n    \r\n    \/* Textf\u00e4rg *\/\r\n    color: #343a40; \r\n    \r\n    \/* Flexbox layout f\u00f6r att justera kolumnerna *\/\r\n    display: flex; \r\n    justify-content: space-around; \r\n    padding: 10px 30px; \r\n    \r\n    \/* Positionerar footern l\u00e4ngst ner *\/\r\n    position: fixed; \r\n    bottom: 0;\r\n    left: 0;\r\n    right: 0;\r\n    \r\n    \/* Z-index f\u00f6r att se till att footern \u00e4r ovanf\u00f6r andra element *\/\r\n    z-index: 999; \r\n    \r\n    \/* Till\u00e5ter flexbox-objekten att brytas till n\u00e4sta rad *\/\r\n    flex-wrap: wrap; \r\n    \r\n    \/* Blandningsl\u00e4ge f\u00f6r att p\u00e5verka hur elementets f\u00e4rger blandas med bakgrunden *\/\r\n\r\n    \r\n    \/* Ingen box-shadow *\/\r\n    box-shadow: none;\r\n}\r\n\r\n#custom-footer .column {\r\n    text-align: left;\r\n    box-sizing: border-box;\r\n    flex: 1;\r\n    min-width: 150px;\r\n    margin: 10px 0;\r\n    \/* Justera fontstorlek och vikt *\/\r\n    font-size: 12px; \r\n    font-weight: regular; \r\n    font-family: 'Arial', sans-serif; \/* Anpassa till \u00f6nskat typsnitt *\/\r\n}\r\n\r\n#custom-footer .column a {\r\n    \/* Inga understrykningar p\u00e5 l\u00e4nkar *\/\r\n    text-decoration: none; \r\n    \r\n    \/* Arv av f\u00e4rg fr\u00e5n f\u00f6r\u00e4ldraelementet *\/\r\n    color: inherit; \r\n    \r\n    \/* Justera fontstorlek *\/\r\n    font-size: 12px; \r\n    \r\n    \/* \u00d6verg\u00e5ngseffekt f\u00f6r f\u00e4rgf\u00f6r\u00e4ndring *\/\r\n    transition: color 0.3s ease; \r\n}\r\n\r\n#custom-footer .column a:hover {\r\n    \/* \u00c4ndrar f\u00e4rg vid hovring *\/\r\n    color: #ced4da; \r\n}\r\n\r\n#custom-footer .status-circle {\r\n    display: inline-block;\r\n    width: 10px;\r\n    height: 10px;\r\n    background-color: #74c69d;\r\n    border-radius: 50%;\r\n    margin-right: 5px;\r\n    vertical-align: middle;\r\n}\r\n\r\n@media (max-width: 768px) {\r\n    #custom-footer {\r\n        \/* Flex-riktningen \u00e4ndras till kolumn p\u00e5 sm\u00e5 sk\u00e4rmar *\/\r\n        flex-direction: column; \r\n        \r\n        \/* Elementen placeras fr\u00e5n v\u00e4nster *\/\r\n        align-items: flex-start; \r\n        \r\n        \/* Minskar sidomarginalen *\/\r\n        padding: 10px 20px; \r\n    }\r\n    \r\n    #custom-footer .column {\r\n        \/* Full bredd p\u00e5 sm\u00e5 sk\u00e4rmar *\/\r\n        width: 100%; \r\n        \r\n        \/* Centrering av text *\/\r\n        text-align: left; \r\n        \r\n        \/* Minskar marginalen *\/\r\n        margin: 5px 0; \r\n    }\r\n}\r\n<\/style>\n<div id=\"custom-footer\">\n    <div class=\"column\">\n        <a href=\"https:\/\/interna.pub\">HOME<\/a>\n    <\/div>\n    <div class=\"column\" id=\"time-column\">\n        <!-- Tiden i Sverige kommer att uppdateras dynamiskt via JavaScript -->\n    <\/div>\n    <div class=\"column\">\n        <span class=\"status-circle\"><\/span> Store is open.\n    <\/div>\n<\/div>\n\n<script>\n    \/\/ Dynamisk tid i Sverige\n    function updateTime() {\n        const now = new Date();\n        const options = { timeZone: 'Europe\/Stockholm', hour: '2-digit', minute: '2-digit' };\n        const formatter = new Intl.DateTimeFormat([], options);\n        document.getElementById('time-column').textContent = '' + formatter.format(now);\n    }\n\n    updateTime();\n    setInterval(updateTime, 60000); \/\/ Uppdatera varje minut\n<\/script>\n  <\/div>\n    <!-- Customhead -->\n\n  \n  <div class=\"container\">\n   \n      \n      \n      <div class=\"left-column\">\n  <!-- Inneh\u00e5ll v\u00e4nster column -->\n        <div><?xml version=\"1.0\" encoding=\"UTF-8\"?>\r\n<svg xmlns=\"http:\/\/www.w3.org\/2000\/svg\" version=\"1.1\" viewBox=\"0 0 1500 1500\">\r\n  <defs>\r\n    <style>\r\n      .cls-1 {\r\n        fill: #f4f4f4;\r\n      }\r\n\r\n      .cls-2 {\r\n        fill: #5f5f60;\r\n      }\r\n\r\n      \/* Initially hide Hoover *\/\r\n      #Hoover {\r\n        opacity: 0;\r\n        transition: opacity 0.3s ease;\r\n      }\r\n\r\n      \/* Show Hoover on hover *\/\r\n      #Letter:hover + #Hoover,\r\n      #Hoover:hover {\r\n        opacity: 1;\r\n      }\r\n    <\/style>\r\n  <\/defs>\r\n  <!-- Generator: Adobe Illustrator 28.7.0, SVG Export Plug-In . SVG Version: 1.2.0 Build 4)  -->\r\n  <g>\r\n    <g id=\"Letter\">\r\n      <rect class=\"cls-1\" width=\"1500\" height=\"1500\"\/>\r\n          <path class=\"cls-2\" d=\"M456.41,233.18h-176.84c-23.05,0-41.74-18.69-41.74-41.74v-27.09c0-23.05,18.69-41.74,41.74-41.74h412.85c23.05,0,41.74,18.69,41.74,41.74v27.09c0,23.05-18.69,41.74-41.74,41.74h-176.84c-8.46,0-20.74,21.38-29.58,21.38s-22.06-21.38-29.58-21.38Z\"\/>\r\n        <path class=\"cls-2\" d=\"M966.09,233.18h-176.84c-23.05,0-41.74-18.69-41.74-41.74v-27.09c0-23.05,18.69-41.74,41.74-41.74h412.85c23.05,0,41.74,18.69,41.74,41.74v27.09c0,23.05-18.69,41.74-41.74,41.74h-176.84c-8.46,0-20.74,21.38-29.58,21.38s-22.06-21.38-29.58-21.38Z\"\/>\r\n        <path class=\"cls-2\" d=\"M368.59,465.18v-176.84c0-23.05,18.69-41.74,41.74-41.74h27.09c23.05,0,41.74,18.69,41.74,41.74v412.85c0,23.05-18.69,41.74-41.74,41.74h-27.09c-23.05,0-41.74-18.69-41.74-41.74v-176.84c0-8.46-21.38-20.74-21.38-29.58s21.38-22.06,21.38-29.58Z\"\/>\r\n        <path class=\"cls-2\" d=\"M956.46,522.89c-5.32,5.32-125.04,125.04-125.04,125.04-16.3,16.3-42.73,16.3-59.03,0l-19.16-19.16c-16.3-16.3-16.3-42.73,0-59.03l291.93-291.93c16.3-16.3,42.73-16.3,59.03,0l19.16,19.16c16.3,16.3,16.3,42.73,0,59.03l-125.04,125.04c-5.98,5.98.45,29.79-5.8,36.04-6.25,6.25-30.72.48-36.04,5.8Z\"\/>\r\n        <path class=\"cls-2\" d=\"M515.49,1265.95h176.84c23.05,0,41.74,18.69,41.74,41.74v27.09c0,23.05-18.69,41.74-41.74,41.74h-412.85c-23.05,0-41.74-18.69-41.74-41.74v-27.09c0-23.05,18.69-41.74,41.74-41.74h176.84c8.46,0,20.74-21.38,29.58-21.38s22.06,21.38,29.58,21.38Z\"\/>\r\n        <path class=\"cls-2\" d=\"M1033.84,1265.95h176.84c23.05,0,41.74,18.69,41.74,41.74v27.09c0,23.05-18.69,41.74-41.74,41.74h-412.85c-23.05,0-41.74-18.69-41.74-41.74v-27.09c0-23.05,18.69-41.74,41.74-41.74h176.84c8.46,0,20.74-21.38,29.58-21.38s22.06,21.38,29.58,21.38Z\"\/>\r\n        <path class=\"cls-2\" d=\"M368.59,1034.08v176.84c0,23.05,18.69,41.74,41.74,41.74h27.09c23.05,0,41.74-18.69,41.74-41.74v-412.85c0-23.05-18.69-41.74-41.74-41.74h-27.09c-23.05,0-41.74,18.69-41.74,41.74v176.84c0,8.46-21.38,20.74-21.38,29.58s21.38,22.06,21.38,29.58Z\"\/>\r\n        <path class=\"cls-2\" d=\"M1119.22,1017.04c5.32,5.32,125.04,125.04,125.04,125.04,16.3,16.3,16.3,42.73,0,59.03l-19.16,19.16c-16.3,16.3-42.73,16.3-59.03,0l-291.93-291.93c-16.3-16.3-16.3-42.73,0-59.03l19.16-19.16c16.3-16.3,42.73-16.3,59.03,0,0,0,119.07,119.07,125.04,125.04,5.98,5.98,29.79-.45,36.04,5.8,6.25,6.25.48,30.72,5.8,36.04Z\"\/>\r\n    <\/g>\r\n    <g id=\"Hoover\">\r\n      <g>\r\n        <path class=\"cls-2\" d=\"M721.96,743.91c-1.05-.73-2.29-1.09-3.73-1.09s-2.6.38-3.66,1.13c-1.06.75-1.9,1.8-2.5,3.16-.6,1.35-.9,2.95-.9,4.78v.02c0,1.82.31,3.4.92,4.75s1.44,2.41,2.5,3.16,2.27,1.13,3.65,1.13,2.68-.37,3.73-1.1c1.05-.74,1.85-1.78,2.42-3.13s.84-2.95.84-4.8v-.02c0-1.88-.28-3.49-.84-4.85s-1.37-2.39-2.42-3.12Z\"\/>\r\n        <path class=\"cls-2\" d=\"M775.83,743.93c-1.05-.74-2.29-1.1-3.73-1.1s-2.59.38-3.65,1.13-1.89,1.8-2.5,3.16-.92,2.94-.92,4.75v.02c0,1.82.3,3.4.9,4.76.6,1.36,1.43,2.42,2.5,3.17,1.06.75,2.28,1.13,3.66,1.13s2.68-.36,3.73-1.09c1.05-.73,1.85-1.77,2.42-3.13s.84-2.97.84-4.84v-.02c0-1.86-.28-3.47-.84-4.81s-1.37-2.39-2.42-3.12Z\"\/>\r\n        <path class=\"cls-2\" d=\"M940.45,693.4h-176.79c-7.52,0-20.74-21.37-29.58-21.37s-21.12,21.37-29.58,21.37h-176.79c-23.04,0-41.73,18.68-41.73,41.73v27.08c0,23.04,18.68,41.73,41.73,41.73h412.73c23.04,0,41.73-18.68,41.73-41.73v-27.08c0-23.04-18.68-41.73-41.73-41.73ZM550.75,764.09h-4.08v-24.41h4.08v24.41ZM550.52,734.8c-.49.5-1.1.75-1.82.75s-1.31-.25-1.81-.75c-.5-.5-.75-1.1-.75-1.81s.25-1.33.75-1.82c.5-.49,1.1-.74,1.81-.74s1.33.25,1.82.74.74,1.1.74,1.82-.25,1.31-.74,1.81ZM576.93,764.09h-4.08v-15.12c0-1.99-.47-3.51-1.4-4.57-.93-1.06-2.34-1.58-4.21-1.58-1.28,0-2.4.29-3.36.86-.95.57-1.69,1.37-2.22,2.41-.52,1.03-.79,2.25-.79,3.64v14.36h-4.08v-24.41h4.08v3.47h.09c.66-1.14,1.61-2.09,2.86-2.83,1.25-.74,2.8-1.11,4.65-1.11,2.68,0,4.75.81,6.23,2.43s2.22,3.82,2.22,6.61v15.84ZM593.67,743.06h-4.65v14.79c0,1.3.28,2.18.84,2.64s1.39.69,2.49.69c.25,0,.49-.01.72-.04.23-.02.43-.04.6-.06v3.31c-.25.03-.58.07-.97.11s-.8.06-1.21.06c-2.24,0-3.91-.53-5.02-1.6-1.11-1.06-1.67-2.76-1.67-5.09v-14.81h-3.57v-3.38h3.57v-6.6h4.22v6.6h4.65v3.38ZM620.23,752.99h-17.57c.03,1.62.31,3.01.87,4.18.59,1.22,1.42,2.16,2.5,2.8s2.35.97,3.83.97c1.03,0,1.96-.16,2.77-.47.81-.31,1.49-.74,2.04-1.29.55-.55.94-1.17,1.17-1.88l.07-.21h4.01l-.05.23c-.2,1-.59,1.94-1.16,2.82-.57.88-1.3,1.65-2.19,2.31s-1.91,1.18-3.05,1.55c-1.14.37-2.38.55-3.71.55-2.33,0-4.34-.52-6.02-1.55-1.68-1.03-2.97-2.49-3.87-4.38-.9-1.89-1.35-4.1-1.35-6.65v-.02c0-2.52.45-4.74,1.36-6.65.91-1.92,2.18-3.41,3.83-4.48s3.58-1.61,5.8-1.61,4.13.51,5.74,1.54c1.6,1.02,2.84,2.46,3.7,4.31.86,1.85,1.29,3.99,1.29,6.43v1.5ZM637.28,743.34c-.16-.06-.43-.12-.83-.16s-.85-.07-1.35-.07c-1.05,0-1.97.23-2.76.7-.79.47-1.4,1.15-1.83,2.03-.43.88-.65,1.94-.65,3.18v15.07h-4.08v-24.41h4.08v4.13h.09c.41-1.41,1.11-2.53,2.11-3.36,1-.83,2.19-1.24,3.57-1.24.36,0,.68.02.97.06.29.04.51.07.67.11v3.97ZM663.14,764.09h-4.08v-15.12c0-1.99-.47-3.51-1.4-4.57-.93-1.06-2.34-1.58-4.21-1.58-1.28,0-2.4.29-3.36.86-.95.57-1.69,1.37-2.22,2.41-.52,1.03-.79,2.25-.79,3.64v14.36h-4.08v-24.41h4.08v3.47h.09c.66-1.14,1.61-2.09,2.86-2.83,1.25-.74,2.8-1.11,4.65-1.11,2.68,0,4.75.81,6.23,2.43s2.22,3.82,2.22,6.61v15.84ZM688.71,764.09h-4.08v-3.97h-.09c-.47.89-1.1,1.67-1.88,2.34-.78.67-1.66,1.18-2.64,1.55-.98.37-2.02.55-3.11.55-1.61,0-3.03-.31-4.25-.92s-2.17-1.47-2.85-2.58-1.02-2.4-1.02-3.87v-.05c0-1.39.35-2.6,1.04-3.61.7-1.02,1.7-1.82,3.03-2.42,1.32-.59,2.91-.95,4.78-1.06l6.99-.4v-2.04c0-1.49-.47-2.66-1.4-3.51-.93-.85-2.25-1.28-3.95-1.28-1.56,0-2.83.34-3.79,1.02s-1.56,1.57-1.8,2.66l-.05.21h-3.94l.02-.26c.13-1.35.58-2.57,1.37-3.66.79-1.1,1.88-1.97,3.27-2.62,1.39-.65,3.04-.97,4.95-.97s3.59.33,4.99.99c1.4.66,2.48,1.58,3.25,2.78.77,1.2,1.15,2.61,1.15,4.24v16.88ZM699.75,763.64c-.52.52-1.15.77-1.9.77s-1.38-.26-1.9-.77-.77-1.15-.77-1.9.26-1.38.77-1.9,1.15-.77,1.9-.77,1.38.26,1.9.77.77,1.15.77,1.9-.26,1.38-.77,1.9ZM729.4,751.91c0,2.57-.43,4.8-1.3,6.69s-2.07,3.36-3.61,4.4c-1.54,1.04-3.34,1.56-5.39,1.56-1.14,0-2.21-.18-3.22-.55-1-.37-1.89-.89-2.66-1.57s-1.42-1.49-1.94-2.43h-.09v12.3h-4.08v-32.62h4.08v4.13h.09c.52-.95,1.15-1.77,1.91-2.45.76-.68,1.63-1.21,2.62-1.58s2.06-.56,3.22-.56c2.08,0,3.9.52,5.46,1.56,1.56,1.04,2.77,2.51,3.63,4.41.86,1.9,1.29,4.13,1.29,6.7v.02ZM754.97,764.09h-4.08v-3.47h-.09c-.44.75-1.01,1.42-1.7,2.02s-1.53,1.06-2.5,1.41-2.07.52-3.31.52c-1.78,0-3.31-.37-4.57-1.1s-2.22-1.78-2.89-3.13-1-2.95-1-4.8v-15.84h4.08v15.12c0,1.99.47,3.51,1.4,4.57s2.34,1.58,4.21,1.58c.97,0,1.84-.16,2.62-.49s1.44-.79,2.01-1.4.99-1.33,1.29-2.18.45-1.8.45-2.83v-14.36h4.08v24.41ZM783.27,751.88c0,2.57-.43,4.8-1.29,6.7-.86,1.9-2.07,3.37-3.63,4.41-1.56,1.04-3.38,1.56-5.46,1.56-1.16,0-2.23-.19-3.22-.56s-1.86-.9-2.62-1.58c-.76-.68-1.4-1.5-1.91-2.45h-.09v4.13h-4.08v-33.87h4.08v13.54h.09c.52-.94,1.16-1.75,1.94-2.43s1.66-1.2,2.66-1.57c1-.37,2.07-.55,3.22-.55,2.05,0,3.85.52,5.39,1.56,1.54,1.04,2.75,2.51,3.61,4.4s1.3,4.12,1.3,6.69v.02ZM793.11,764.09h-4.08v-33.87h4.08v33.87ZM804.41,764.09h-4.08v-24.41h4.08v24.41ZM804.19,734.8c-.49.5-1.1.75-1.82.75s-1.31-.25-1.81-.75-.75-1.1-.75-1.81.25-1.33.75-1.82,1.1-.74,1.81-.74,1.33.25,1.82.74.74,1.1.74,1.82-.25,1.31-.74,1.81ZM829.56,757.28c0,1.42-.41,2.68-1.23,3.78s-1.95,1.95-3.38,2.57-3.06.93-4.87.93c-1.91,0-3.56-.31-4.95-.92s-2.49-1.46-3.3-2.56-1.29-2.37-1.47-3.83l-.02-.21h4.08l.05.23c.25,1.22.84,2.17,1.76,2.85s2.21,1.02,3.87,1.02c1.11,0,2.06-.14,2.84-.43s1.38-.7,1.81-1.24.63-1.18.63-1.91v-.02c0-.88-.27-1.58-.8-2.11s-1.49-.97-2.89-1.31l-3.87-.94c-1.53-.38-2.8-.86-3.81-1.47s-1.76-1.34-2.26-2.22-.75-1.9-.75-3.07v-.02c0-1.41.38-2.65,1.14-3.73s1.82-1.92,3.17-2.53,2.91-.92,4.66-.92,3.34.32,4.66.95,2.36,1.49,3.12,2.58,1.19,2.31,1.28,3.67l.02.31h-3.9l-.02-.16c-.16-1.19-.68-2.14-1.56-2.86s-2.09-1.08-3.6-1.08c-.99,0-1.84.15-2.56.45s-1.27.72-1.65,1.26-.58,1.17-.58,1.89v.02c0,.55.13,1.04.39,1.49s.67.83,1.23,1.16,1.29.6,2.18.82l3.87.94c2.47.59,4.21,1.41,5.21,2.45s1.5,2.43,1.5,4.17v.02ZM855.95,764.09h-4.08v-14.25c0-2.21-.53-3.93-1.6-5.16s-2.55-1.85-4.46-1.85c-1.25,0-2.35.3-3.3.89s-1.68,1.42-2.21,2.46-.79,2.27-.79,3.66v14.25h-4.08v-33.87h4.08v13.36h.09c.66-1.38,1.64-2.45,2.93-3.22s2.86-1.15,4.67-1.15,3.26.42,4.57,1.26,2.33,2,3.06,3.49,1.1,3.22,1.1,5.19v14.95ZM866.92,764.09h-4.08v-24.41h4.08v24.41ZM866.7,734.8c-.49.5-1.1.75-1.82.75s-1.31-.25-1.81-.75-.75-1.1-.75-1.81.25-1.33.75-1.82,1.1-.74,1.81-.74,1.33.25,1.82.74.74,1.1.74,1.82-.25,1.31-.74,1.81ZM894.07,764.09h-4.08v-15.12c0-1.99-.47-3.51-1.4-4.57s-2.34-1.58-4.21-1.58c-1.28,0-2.4.29-3.36.86s-1.69,1.37-2.22,2.41-.79,2.25-.79,3.64v14.36h-4.08v-24.41h4.08v3.47h.09c.66-1.14,1.61-2.09,2.86-2.83s2.8-1.11,4.65-1.11c2.68,0,4.75.81,6.23,2.43s2.22,3.82,2.22,6.61v15.84ZM920.83,763.41c0,1.89-.44,3.54-1.31,4.94s-2.12,2.49-3.73,3.26-3.52,1.16-5.73,1.16c-2,0-3.75-.29-5.25-.86s-2.7-1.35-3.61-2.32-1.51-2.07-1.77-3.27l-.05-.21h4.11l.09.21c.39.88,1.15,1.57,2.26,2.08s2.51.76,4.17.76c2.14,0,3.8-.55,4.98-1.65s1.76-2.6,1.76-4.49v-3.12h-.09c-.49.91-1.11,1.69-1.88,2.35s-1.65,1.17-2.64,1.54-2.08.55-3.25.55c-2.05,0-3.85-.52-5.41-1.56s-2.77-2.5-3.64-4.39-1.3-4.1-1.3-6.63v-.02c0-2.53.44-4.74,1.33-6.61s2.11-3.32,3.67-4.35,3.38-1.55,5.45-1.55c1.16,0,2.22.2,3.19.59s1.83.93,2.59,1.62,1.39,1.49,1.89,2.39h.09v-4.13h4.08v23.73Z\"\/>\r\n        <path class=\"cls-2\" d=\"M678.1,753.22c-1.63.09-2.89.49-3.79,1.17-.9.69-1.35,1.6-1.35,2.75v.05c0,1.17.44,2.1,1.33,2.79.88.69,2.06,1.03,3.53,1.03,1.28,0,2.44-.27,3.46-.81,1.02-.54,1.84-1.28,2.44-2.22.6-.94.9-2,.9-3.17v-1.99l-6.52.39Z\"\/>\r\n        <path class=\"cls-2\" d=\"M616.09,749.79c-.11-1.28-.37-2.39-.8-3.31-.57-1.24-1.36-2.16-2.36-2.76-1-.6-2.15-.9-3.45-.9s-2.46.32-3.5.95-1.85,1.57-2.44,2.82c-.44.91-.71,1.98-.83,3.2h13.37Z\"\/>\r\n        <path class=\"cls-2\" d=\"M913.42,743.93c-1.05-.74-2.26-1.1-3.64-1.1s-2.69.36-3.76,1.09-1.88,1.76-2.45,3.09-.86,2.9-.86,4.72v.02c0,1.85.29,3.44.86,4.78s1.39,2.37,2.45,3.1,2.32,1.09,3.76,1.09,2.61-.37,3.65-1.11,1.85-1.79,2.44-3.13.88-2.92.88-4.72v-.02c0-1.8-.29-3.36-.88-4.69s-1.4-2.36-2.45-3.1Z\"\/>\r\n      <\/g>\r\n    <\/g>\r\n  <\/g>\r\n<\/svg>\r\n\n  <\/div>\n<div class=\"description\">\n  <h3>Title<\/h3>\n  <p1>Tagged Display<\/p1>\n  <h3>Artists<\/h3>\n  <p1>Anton H\u00e5\u00e5g<\/p1>\n  <h3>Year<\/h3>\n  <p1>2024<\/p1>\n  <h3>Type<\/h3>\n  <p1>Font<\/p1>\n  <h3>Spec<\/h3>\n  <p1>.OTF .WOFF2<\/p1>\n  <h3>Acquire<\/h3>\n  <p1>Download container<\/p1>\n <h3>What?<\/h3>\n  <p1>Anton H\u00e5\u00e5g turned the &#8216;tagged person&#8217; feature-thingy on Instagram into a font.<br>Check it out on our <a href=\"https:\/\/www.instagram.com\/p\/C9XBbLLiDpk\/?img_index=1\">Instagram-Account<\/a>. <\/p1>\n\n    <style class=\"wpcode-css-snippet\">.description {\r\n  max-width: 100%;\r\n  background-color: rgba(0, , 0, 0);\r\n  padding: 12px 12px 60px 20px;\r\n  font-size: 16px;\r\n  line-height: 30px;\r\n  padding-top: 12px;\r\n  display: block;\r\n  float: left;\r\n  box-sizing: border-box;\r\n  overflow-wrap: break-word;\r\n}\r\n\r\n.container h3 {\r\n  font-size: 11px;\r\n  line-height: 25px;\r\n  margin-bottom: 0px;\r\n  margin-top: 0px;\r\n  font-weight: 500;\r\n  display: block;\r\n  float: left;\r\n  letter-spacing: 0.22px;\r\n  margin: 0px;\r\n  width: 6rem;\r\n  text-transform: uppercase;\r\n  box-sizing: border-box;\r\n  overflow-wrap: break-word;\r\n  font-family: sans-serif;\r\n  color: #03045e;\r\n}\r\n\r\np1 {\r\n  font-size: 11px;\r\n  line-height: 25px;\r\n  margin-bottom: 0px;\r\n  display: block;\r\n  float: left;\r\n  letter-spacing: 0.22px;\r\n  margin: 0px;\r\n  text-transform: uppercase;\r\n  width: calc(100% - 7rem);\r\n  box-sizing: border-box;\r\n  overflow-wrap: break-word;\r\n  font-family: sans-serif;\r\n}\r\n\r\n@media (max-width: 767px) {\r\n.description {\r\n  max-width: 100%;\r\n  background-color: rgba(0, 0, 0, 0);\r\n  padding: 12px 12px 60px;\r\n  font-size: 16px;\r\n  line-height: 30px;\r\n  padding-top: 12px;\r\n  display: block;\r\n  float: left;\r\n  box-sizing: border-box;\r\n  overflow-wrap: break-word;\r\n}\r\n}\r\n<\/style>\n<\/div>\n          \n    <\/div>\n   \n      \n      <div class=\"right-column\">\n  <!-- Inneh\u00e5ll h\u00f6ger column -->\n\n      \n      \n\n <div><video src=\"https:\/\/interna.pub\/wp-content\/uploads\/2024\/07\/IP_IG_TAG_916_Reel.mp4\" alt=\"Font,Instagram\" width=\"100%\" height=\"auto\" autoplay muted loop playsinline >\n  <\/div>\n        <div><video src=\"https:\/\/interna.pub\/wp-content\/uploads\/2024\/07\/IP_IG_TAG_11.mp4\" alt=\"Font,Instagram\" width=\"100%\" height=\"auto\" autoplay muted loop playsinline >\n  <\/div>\n\n      <\/div>\n\n<\/body>\n<\/html>\n    <\/div>\r\n    ","protected":false},"excerpt":{"rendered":"","protected":false},"author":1,"featured_media":0,"parent":0,"menu_order":0,"comment_status":"closed","ping_status":"closed","template":"pages_project","meta":{"iawp_total_views":9,"footnotes":""},"class_list":["post-1619","page","type-page","status-publish","hentry"],"_links":{"self":[{"href":"https:\/\/interna.pub\/index.php\/wp-json\/wp\/v2\/pages\/1619","targetHints":{"allow":["GET"]}}],"collection":[{"href":"https:\/\/interna.pub\/index.php\/wp-json\/wp\/v2\/pages"}],"about":[{"href":"https:\/\/interna.pub\/index.php\/wp-json\/wp\/v2\/types\/page"}],"author":[{"embeddable":true,"href":"https:\/\/interna.pub\/index.php\/wp-json\/wp\/v2\/users\/1"}],"replies":[{"embeddable":true,"href":"https:\/\/interna.pub\/index.php\/wp-json\/wp\/v2\/comments?post=1619"}],"version-history":[{"count":33,"href":"https:\/\/interna.pub\/index.php\/wp-json\/wp\/v2\/pages\/1619\/revisions"}],"predecessor-version":[{"id":2045,"href":"https:\/\/interna.pub\/index.php\/wp-json\/wp\/v2\/pages\/1619\/revisions\/2045"}],"wp:attachment":[{"href":"https:\/\/interna.pub\/index.php\/wp-json\/wp\/v2\/media?parent=1619"}],"curies":[{"name":"wp","href":"https:\/\/api.w.org\/{rel}","templated":true}]}}